{"id":28683,"date":"2025-01-12T09:46:04","date_gmt":"2025-01-12T09:46:04","guid":{"rendered":"https:\/\/madeinchina.cn.com\/product\/kurkler-deriler-ve-downs\/"},"modified":"2025-01-12T09:46:04","modified_gmt":"2025-01-12T09:46:04","slug":"kurkler-deriler-ve-downs","status":"publish","type":"product","link":"https:\/\/madeinchina.cn.com\/tr\/product\/kurkler-deriler-ve-downs\/","title":{"rendered":"K\u00fcrkler, Deriler ve Downs"},"content":{"rendered":"<p>64 \u00c7inli \u00fcretici. \u00d6nde gelen \u00c7inli \u00fcreticilerden en iyi k\u00fcrkleri, derileri ve ku\u015f t\u00fcylerini temin edin. \u00d6zel listemiz sizi etik kaynak kullan\u0131m\u0131na ve kusursuz i\u015f\u00e7ili\u011fe \u00f6ncelik veren tedarik\u00e7ilerle bulu\u015fturuyor. \u00dcr\u00fcnlerinizi benzersiz kalite ve l\u00fcks ile y\u00fckseltin. Birinci s\u0131n\u0131f k\u00fcrkler, deriler ve ku\u015f t\u00fcyleri i\u00e7in tedarik s\u00fcrecinizi kolayla\u015ft\u0131r\u0131n. Kapsaml\u0131 listemiz, \u00e7e\u015fitli hayvansal \u00fcr\u00fcnler ve i\u015fleme tekniklerinde uzmanla\u015fm\u0131\u015f \u00e7ok \u00e7e\u015fitli \u00c7inli \u00fcreticilere eri\u015fim sa\u011flar. Benzersiz ihtiya\u00e7lar\u0131n\u0131z\u0131 kar\u015f\u0131layacak m\u00fckemmel malzemeleri bulun ve kreasyonlar\u0131n\u0131z\u0131 geli\u015ftirin. Bug\u00fcn se\u00e7eneklerinizi ke\u015ffedin K\u00fcrkler, deriler ve t\u00fcyler konusunda uzmanla\u015fm\u0131\u015f sertifikal\u0131 \u00c7inli \u00fcreticiler listemizle etik ve sorumlu bir \u015fekilde kaynak sa\u011flay\u0131n. Markan\u0131z i\u00e7in s\u00fcrd\u00fcr\u00fclebilir ve izlenebilir malzemeler sa\u011flamak amac\u0131yla kat\u0131 \u00e7evre ve hayvan refah\u0131 standartlar\u0131na uyan tedarik\u00e7ilere \u00f6ncelik veriyoruz. Daha fazla bilgi i\u00e7in bize ula\u015f\u0131n<\/p>\n","protected":false},"excerpt":{"rendered":"<p>64 \u00c7inli \u00fcretici. \u00d6nde gelen \u00c7inli \u00fcreticilerden en iyi k\u00fcrkleri, derileri ve ku\u015f t\u00fcylerini temin edin. \u00d6zel listemiz sizi etik kaynak kullan\u0131m\u0131na ve kusursuz i\u015f\u00e7ili\u011fe \u00f6ncelik veren tedarik\u00e7ilerle bulu\u015fturuyor. \u00dcr\u00fcnlerinizi benzersiz kalite ve l\u00fcks ile y\u00fckseltin.<\/p>\n","protected":false},"featured_media":28532,"comment_status":"open","ping_status":"closed","template":"","meta":{"_acf_changed":false},"product_brand":[],"product_cat":[174],"product_tag":[],"class_list":{"0":"post-28683","1":"product","2":"type-product","3":"status-publish","4":"has-post-thumbnail","6":"product_cat-giyim-erkek-kadin-cocuk-kurkler-deriler-iclikler-ve-ayakkabilar","8":"first","9":"instock","10":"sale","11":"shipping-taxable","12":"purchasable","13":"product-type-simple"},"acf":[],"_links":{"self":[{"href":"https:\/\/madeinchina.cn.com\/tr\/wp-json\/wp\/v2\/product\/28683","targetHints":{"allow":["GET"]}}],"collection":[{"href":"https:\/\/madeinchina.cn.com\/tr\/wp-json\/wp\/v2\/product"}],"about":[{"href":"https:\/\/madeinchina.cn.com\/tr\/wp-json\/wp\/v2\/types\/product"}],"replies":[{"embeddable":true,"href":"https:\/\/madeinchina.cn.com\/tr\/wp-json\/wp\/v2\/comments?post=28683"}],"version-history":[{"count":0,"href":"https:\/\/madeinchina.cn.com\/tr\/wp-json\/wp\/v2\/product\/28683\/revisions"}],"wp:featuredmedia":[{"embeddable":true,"href":"https:\/\/madeinchina.cn.com\/tr\/wp-json\/wp\/v2\/media\/28532"}],"wp:attachment":[{"href":"https:\/\/madeinchina.cn.com\/tr\/wp-json\/wp\/v2\/media?parent=28683"}],"wp:term":[{"taxonomy":"product_brand","embeddable":true,"href":"https:\/\/madeinchina.cn.com\/tr\/wp-json\/wp\/v2\/product_brand?post=28683"},{"taxonomy":"product_cat","embeddable":true,"href":"https:\/\/madeinchina.cn.com\/tr\/wp-json\/wp\/v2\/product_cat?post=28683"},{"taxonomy":"product_tag","embeddable":true,"href":"https:\/\/madeinchina.cn.com\/tr\/wp-json\/wp\/v2\/product_tag?post=28683"}],"curies":[{"name":"wp","href":"https:\/\/api.w.org\/{rel}","templated":true}]}}