{"id":28669,"date":"2024-03-01T12:52:44","date_gmt":"2024-03-01T12:52:44","guid":{"rendered":"https:\/\/madeinchina.cn.com\/teslimat\/"},"modified":"2025-01-31T09:11:34","modified_gmt":"2025-01-31T09:11:34","slug":"teslimat","status":"publish","type":"page","link":"https:\/\/madeinchina.cn.com\/tr\/teslimat\/","title":{"rendered":"Teslimat"},"content":{"rendered":"\t\t<div data-elementor-type=\"wp-page\" data-elementor-id=\"28669\" class=\"elementor elementor-28669 elementor-19\" data-elementor-post-type=\"page\">\n\t\t\t\t<div class=\"wd-negative-gap elementor-element elementor-element-a35645f e-flex e-con-boxed e-con e-parent\" data-id=\"a35645f\" data-element_type=\"container\" data-e-type=\"container\">\n\t\t\t\t\t<div class=\"e-con-inner\">\n\t\t<div class=\"elementor-element elementor-element-88def0b e-con-full e-flex e-con e-child\" data-id=\"88def0b\" data-element_type=\"container\" data-e-type=\"container\" data-settings=\"{&quot;background_background&quot;:&quot;classic&quot;}\">\n\t\t\t\t<div class=\"elementor-element elementor-element-9bb7ee2 wd-width-100 elementor-widget elementor-widget-wd_title\" data-id=\"9bb7ee2\" data-element_type=\"widget\" data-e-type=\"widget\" data-widget_type=\"wd_title.default\">\n\t\t\t\t<div class=\"elementor-widget-container\">\n\t\t\t\t\t\t\t<div class=\"title-wrapper wd-set-mb reset-last-child wd-title-color-default wd-title-style-default wd-title-size-default text-left\">\n\n\t\t\t\n\t\t\t<div class=\"liner-continer\">\n\t\t\t\t<h4 class=\"woodmart-title-container title wd-fontsize-l\">Teslimat Se\u00e7eneklerine Genel Bak\u0131\u015f<\/h4> \n\t\t\t\t\t\t\t<\/div>\n\n\t\t\t\t\t<\/div>\n\t\t\t\t\t\t<\/div>\n\t\t\t\t<\/div>\n\t\t\t\t<div class=\"elementor-element elementor-element-89c0913 elementor-widget elementor-widget-wd_text_block\" data-id=\"89c0913\" data-element_type=\"widget\" data-e-type=\"widget\" data-widget_type=\"wd_text_block.default\">\n\t\t\t\t<div class=\"elementor-widget-container\">\n\t\t\t\t\t\t\t<div class=\"wd-text-block reset-last-child text-left\">\n\t\t\t\n\t\t\t<p data-sourcepos=\"11:1-11:58\">MadeInChina.CN.com iki uygun teslimat se\u00e7ene\u011fi sunmaktad\u0131r:<\/p><ul><li data-sourcepos=\"11:1-11:58\"><strong style=\"font-size: 15px; text-align: var(--text-align); color: var(--wd-text-color);\">Dijital Teslimat:<\/strong><span style=\"font-size: 15px; text-align: var(--text-align); color: var(--wd-text-color);\"> Sipari\u015finizi an\u0131nda e-posta yoluyla PDF dosyas\u0131 olarak al\u0131n.<\/span><\/li><li data-sourcepos=\"14:1-15:0\"><strong>\u015eahsen Teslim Alma:<\/strong> Sipari\u015finizi ABD, \u0130ngiltere, Almanya veya T\u00fcrkiye'deki (Bursa) ofislerimizden birinden \u015fahsen teslim al\u0131n.<\/li><\/ul>\n\t\t\t\t\t<\/div>\n\t\t\t\t\t\t<\/div>\n\t\t\t\t<\/div>\n\t\t<div class=\"wd-negative-gap elementor-element elementor-element-e76b9fe e-flex e-con-boxed e-con e-child\" data-id=\"e76b9fe\" data-element_type=\"container\" data-e-type=\"container\">\n\t\t\t\t\t<div class=\"e-con-inner\">\n\t\t<div class=\"elementor-element elementor-element-c633c95 e-con-full e-flex e-con e-child\" data-id=\"c633c95\" data-element_type=\"container\" data-e-type=\"container\">\n\t\t<div class=\"elementor-element elementor-element-f0a22fa e-con-full e-flex e-con e-child\" data-id=\"f0a22fa\" data-element_type=\"container\" data-e-type=\"container\" data-settings=\"{&quot;background_background&quot;:&quot;classic&quot;}\">\n\t\t\t\t<div class=\"elementor-element elementor-element-7e6f409 elementor-widget__width-auto elementor-widget elementor-widget-wd_text_block\" data-id=\"7e6f409\" data-element_type=\"widget\" data-e-type=\"widget\" data-widget_type=\"wd_text_block.default\">\n\t\t\t\t<div class=\"elementor-widget-container\">\n\t\t\t\t\t\t\t<div class=\"wd-text-block reset-last-child text-center color-title\">\n\t\t\t\n\t\t\t<p>1. \u00dcr\u00fcnlerinizi se\u00e7in ve sepetinizi inceleyin<\/p>\n\t\t\t\t\t<\/div>\n\t\t\t\t\t\t<\/div>\n\t\t\t\t<\/div>\n\t\t\t\t<div class=\"elementor-element elementor-element-8bc4c60 elementor-widget elementor-widget-wd_image_or_svg\" data-id=\"8bc4c60\" data-element_type=\"widget\" data-e-type=\"widget\" data-widget_type=\"wd_image_or_svg.default\">\n\t\t\t\t<div class=\"elementor-widget-container\">\n\t\t\t\t\t\n\t\t<div class=\"wd-image text-center\">\n\t\t\t\t\t\t\t\t<img decoding=\"async\"  src=\"https:\/\/madeinchina.cn.com\/wp-content\/uploads\/2024\/03\/vg-delivery-img-icon-1.svg\" title=\"vg-delivery-img-icon-1\" loading=\"lazy\" width=\"128\" height=\"128\">\t\t\t\t\t<\/div>\n\n\t\t\t\t\t\t<\/div>\n\t\t\t\t<\/div>\n\t\t\t\t<\/div>\n\t\t<div class=\"elementor-element elementor-element-9433ecc e-con-full e-flex e-con e-child\" data-id=\"9433ecc\" data-element_type=\"container\" data-e-type=\"container\" data-settings=\"{&quot;background_background&quot;:&quot;classic&quot;}\">\n\t\t\t\t<div class=\"elementor-element elementor-element-d8c9638 elementor-widget__width-auto elementor-widget elementor-widget-wd_text_block\" data-id=\"d8c9638\" data-element_type=\"widget\" data-e-type=\"widget\" data-widget_type=\"wd_text_block.default\">\n\t\t\t\t<div class=\"elementor-widget-container\">\n\t\t\t\t\t\t\t<div class=\"wd-text-block reset-last-child text-center color-title\">\n\t\t\t\n\t\t\t<p>2. Bilgilerinizi girin (e-posta, ..vb) ve sat\u0131n alma i\u015fleminizi tamamlay\u0131n<\/p>\n\t\t\t\t\t<\/div>\n\t\t\t\t\t\t<\/div>\n\t\t\t\t<\/div>\n\t\t\t\t<div class=\"elementor-element elementor-element-294ed2c elementor-widget elementor-widget-wd_image_or_svg\" data-id=\"294ed2c\" data-element_type=\"widget\" data-e-type=\"widget\" data-widget_type=\"wd_image_or_svg.default\">\n\t\t\t\t<div class=\"elementor-widget-container\">\n\t\t\t\t\t\n\t\t<div class=\"wd-image text-center\">\n\t\t\t\t\t\t\t\t<img decoding=\"async\"  src=\"https:\/\/madeinchina.cn.com\/wp-content\/uploads\/2024\/03\/vg-delivery-img-icon-2.svg\" title=\"vg-delivery-img-icon-2\" loading=\"lazy\" width=\"128\" height=\"128\">\t\t\t\t\t<\/div>\n\n\t\t\t\t\t\t<\/div>\n\t\t\t\t<\/div>\n\t\t\t\t<\/div>\n\t\t\t\t<\/div>\n\t\t<div class=\"elementor-element elementor-element-25400da e-con-full e-flex e-con e-child\" data-id=\"25400da\" data-element_type=\"container\" data-e-type=\"container\">\n\t\t<div class=\"elementor-element elementor-element-0fb5bc0 e-con-full e-flex e-con e-child\" data-id=\"0fb5bc0\" data-element_type=\"container\" data-e-type=\"container\" data-settings=\"{&quot;background_background&quot;:&quot;classic&quot;}\">\n\t\t\t\t<div class=\"elementor-element elementor-element-dee9c7e elementor-widget__width-auto elementor-widget elementor-widget-wd_text_block\" data-id=\"dee9c7e\" data-element_type=\"widget\" data-e-type=\"widget\" data-widget_type=\"wd_text_block.default\">\n\t\t\t\t<div class=\"elementor-widget-container\">\n\t\t\t\t\t\t\t<div class=\"wd-text-block reset-last-child text-center color-title\">\n\t\t\t\n\t\t\t<p>3. \u00dcretici listenizi an\u0131nda e-posta ile al\u0131n (PDF format\u0131nda) veya bas\u0131l\u0131 bir kopyas\u0131n\u0131 almak i\u00e7in ofislerimizden birini ziyaret edin<\/p>\n\t\t\t\t\t<\/div>\n\t\t\t\t\t\t<\/div>\n\t\t\t\t<\/div>\n\t\t\t\t<div class=\"elementor-element elementor-element-e130706 elementor-widget elementor-widget-wd_image_or_svg\" data-id=\"e130706\" data-element_type=\"widget\" data-e-type=\"widget\" data-widget_type=\"wd_image_or_svg.default\">\n\t\t\t\t<div class=\"elementor-widget-container\">\n\t\t\t\t\t\n\t\t<div class=\"wd-image text-center\">\n\t\t\t\t\t\t\t\t<img decoding=\"async\"  src=\"https:\/\/madeinchina.cn.com\/wp-content\/uploads\/2024\/03\/vg-delivery-img-icon-3.svg\" title=\"vg-delivery-img-icon-3\" loading=\"lazy\" width=\"128\" height=\"128\">\t\t\t\t\t<\/div>\n\n\t\t\t\t\t\t<\/div>\n\t\t\t\t<\/div>\n\t\t\t\t<\/div>\n\t\t<div class=\"elementor-element elementor-element-8c03b16 e-con-full e-flex e-con e-child\" data-id=\"8c03b16\" data-element_type=\"container\" data-e-type=\"container\" data-settings=\"{&quot;background_background&quot;:&quot;classic&quot;}\">\n\t\t\t\t<div class=\"elementor-element elementor-element-018f14d elementor-widget__width-auto elementor-widget elementor-widget-wd_text_block\" data-id=\"018f14d\" data-element_type=\"widget\" data-e-type=\"widget\" data-widget_type=\"wd_text_block.default\">\n\t\t\t\t<div class=\"elementor-widget-container\">\n\t\t\t\t\t\t\t<div class=\"wd-text-block reset-last-child text-center color-title\">\n\t\t\t\n\t\t\t<p>4. Al\u0131\u015fveri\u015finizin keyfini \u00e7\u0131kar\u0131n!<\/p>\n\t\t\t\t\t<\/div>\n\t\t\t\t\t\t<\/div>\n\t\t\t\t<\/div>\n\t\t\t\t<div class=\"elementor-element elementor-element-4814258 elementor-widget elementor-widget-wd_image_or_svg\" data-id=\"4814258\" data-element_type=\"widget\" data-e-type=\"widget\" data-widget_type=\"wd_image_or_svg.default\">\n\t\t\t\t<div class=\"elementor-widget-container\">\n\t\t\t\t\t\n\t\t<div class=\"wd-image text-center\">\n\t\t\t\t\t\t\t\t<img decoding=\"async\"  src=\"https:\/\/madeinchina.cn.com\/wp-content\/uploads\/2024\/03\/vg-delivery-img-icon-4.svg\" title=\"vg-delivery-img-icon-4\" loading=\"lazy\" width=\"128\" height=\"128\">\t\t\t\t\t<\/div>\n\n\t\t\t\t\t\t<\/div>\n\t\t\t\t<\/div>\n\t\t\t\t<\/div>\n\t\t\t\t<\/div>\n\t\t\t\t\t<\/div>\n\t\t\t\t<\/div>\n\t\t\t\t<\/div>\n\t\t<div class=\"elementor-element elementor-element-61af184 e-con-full e-flex e-con e-child\" data-id=\"61af184\" data-element_type=\"container\" data-e-type=\"container\" data-settings=\"{&quot;background_background&quot;:&quot;classic&quot;}\">\n\t\t\t\t<div class=\"elementor-element elementor-element-c9545bf wd-width-100 elementor-widget elementor-widget-wd_title\" data-id=\"c9545bf\" data-element_type=\"widget\" data-e-type=\"widget\" data-widget_type=\"wd_title.default\">\n\t\t\t\t<div class=\"elementor-widget-container\">\n\t\t\t\t\t\t\t<div class=\"title-wrapper wd-set-mb reset-last-child wd-title-color-default wd-title-style-default wd-title-size-default text-left\">\n\n\t\t\t\n\t\t\t<div class=\"liner-continer\">\n\t\t\t\t<h4 class=\"woodmart-title-container title wd-fontsize-l\">Yerel Ofisler :<\/h4> \n\t\t\t\t\t\t\t<\/div>\n\n\t\t\t\t\t<\/div>\n\t\t\t\t\t\t<\/div>\n\t\t\t\t<\/div>\n\t\t\t\t<div class=\"elementor-element elementor-element-924d734 elementor-widget elementor-widget-wd_text_block\" data-id=\"924d734\" data-element_type=\"widget\" data-e-type=\"widget\" data-widget_type=\"wd_text_block.default\">\n\t\t\t\t<div class=\"elementor-widget-container\">\n\t\t\t\t\t\t\t<div class=\"wd-text-block reset-last-child text-left\">\n\t\t\t\n\t\t\t<p><strong>B\u0130RLE\u015e\u0130K DEVLETLER :<\/strong> 2501 Chatham Rd Suite 5139 Springfield, Illinois 62704 Amerika Birle\u015fik Devletleri<br><strong>B\u0130RLE\u015e\u0130K KRALLIK :<\/strong> 71-75 Shelton Street, Covent Garden, WC2H 9JQ Londra Birle\u015fik Krall\u0131k<br><strong>ALMANYA :<\/strong> D\u00fcsselstr.63 40219 D\u00fcsseldorf Almanya <br><strong>TURK\u0130YE :<\/strong> N\u0130LT\u0130M \u00dc\u00e7evler Mah. Ersan Sokak. 8A Kat:1A \u0130brahim Yaz\u0131c\u0131 Plaza 2, 16120 Ni\u0307l\u00fcfer\/Bursa\/T\u00fcrki\u0307ye  <\/p>\n\t\t\t\t\t<\/div>\n\t\t\t\t\t\t<\/div>\n\t\t\t\t<\/div>\n\t\t\t\t<div class=\"elementor-element elementor-element-92f77ca elementor-widget elementor-widget-wd_text_block\" data-id=\"92f77ca\" data-element_type=\"widget\" data-e-type=\"widget\" data-widget_type=\"wd_text_block.default\">\n\t\t\t\t<div class=\"elementor-widget-container\">\n\t\t\t\t\t\t\t<div class=\"wd-text-block reset-last-child text-left\">\n\t\t\t\n\t\t\t\n\t\t\t\t\t<\/div>\n\t\t\t\t\t\t<\/div>\n\t\t\t\t<\/div>\n\t\t\t\t<\/div>\n\t\t<div class=\"elementor-element elementor-element-733c9ae e-con-full e-flex e-con e-child\" data-id=\"733c9ae\" data-element_type=\"container\" data-e-type=\"container\" data-settings=\"{&quot;background_background&quot;:&quot;classic&quot;}\">\n\t\t\t\t<div class=\"elementor-element elementor-element-f1a462b wd-width-100 elementor-widget elementor-widget-wd_title\" data-id=\"f1a462b\" data-element_type=\"widget\" data-e-type=\"widget\" data-widget_type=\"wd_title.default\">\n\t\t\t\t<div class=\"elementor-widget-container\">\n\t\t\t\t\t\t\t<div class=\"title-wrapper wd-set-mb reset-last-child wd-title-color-default wd-title-style-default wd-title-size-default text-left\">\n\n\t\t\t\n\t\t\t<div class=\"liner-continer\">\n\t\t\t\t<h4 class=\"woodmart-title-container title wd-fontsize-l\">SSS<\/h4> \n\t\t\t\t\t\t\t<\/div>\n\n\t\t\t\t\t<\/div>\n\t\t\t\t\t\t<\/div>\n\t\t\t\t<\/div>\n\t\t\t\t<div class=\"elementor-element elementor-element-2a77651 elementor-widget elementor-widget-wd_accordion\" data-id=\"2a77651\" data-element_type=\"widget\" data-e-type=\"widget\" data-widget_type=\"wd_accordion.default\">\n\t\t\t\t<div class=\"elementor-widget-container\">\n\t\t\t\t\t\n\t\t<div class=\"wd-accordion wd-style-default wd-border-off wd-titles-left wd-opener-pos-right wd-opener-style-arrow\" data-state=\"first\">\n\t\t\t\t\t\t\t\n\t\t\t\t<div class=\"wd-accordion-item\">\n\t\t\t\t\t<div class=\"wd-accordion-title wd-role-btn wd-active\" data-accordion-index=\"0\" tabindex=\"0\">\n\t\t\t\t\t\t<div class=\"wd-accordion-title-text\">\n\t\t\t\t\t\t\t\t\t\t\t\t\t\t<span>\n\t\t\t\t\t\t\t\tSipari\u015fim hen\u00fcz gelmedi. Nerede kald\u0131? \t\t\t\t\t\t\t<\/span>\n\t\t\t\t\t\t<\/div>\n\t\t\t\t\t\t<span class=\"wd-accordion-opener\"><\/span>\n\t\t\t\t\t<\/div>\n\n\t\t\t\t\t<div class=\"wd-accordion-content wd-entry-content wd-active\" data-accordion-index=\"0\">\n\t\t\t\t\t\t\t\t\t\t\t\t\t\n\t\t\t\t\t\t\t<p>Bir sebepten dolay\u0131 mutsuz olan bir m\u00fc\u015fteri bir sorundur, ancak tam olarak ne oldu\u011funu anlayamad\u0131\u011f\u0131 halde mutsuz olan bir m\u00fc\u015fteri daha da k\u00f6t\u00fcd\u00fcr. Muhtemelen i\u015fbirli\u011fi, ileti\u015fim ve kontrol noktalar\u0131 yoktu, \u00fczerinde anla\u015fmaya var\u0131lm\u0131\u015f veya gerekli ayr\u0131nt\u0131larla belirlenmi\u015f bir s\u00fcre\u00e7 yoktu. <\/p><p>Bu i\u00e7erik stratejisi en ba\u015f\u0131ndan beri ters gitti. Lorem Ipsum kullan\u0131m\u0131ndan vazge\u00e7mek yard\u0131mc\u0131 olmazd\u0131, \u015fimdi de olmayacak. Bu, k\u00f6t\u00fc bir tasar\u0131mc\u0131 oldu\u011funuzu, daha az kal\u0131n metin kulland\u0131\u011f\u0131n\u0131z\u0131, her paragrafta italik kullanmad\u0131\u011f\u0131n\u0131z\u0131 s\u00f6ylemek gibi bir \u015fey. Yeterince do\u011fru, ancak i\u015fleri yoluna koymak i\u00e7in gereken tek \u015fey bu de\u011fil.   <\/p>\n\t\t\t\t\t\t\t\t\t\t\t\t\t\t\t\t\t\t<\/div>\n\t\t\t\t<\/div>\n\t\t\t\t\t\t\t\n\t\t\t\t<div class=\"wd-accordion-item\">\n\t\t\t\t\t<div class=\"wd-accordion-title wd-role-btn\" data-accordion-index=\"1\" tabindex=\"0\">\n\t\t\t\t\t\t<div class=\"wd-accordion-title-text\">\n\t\t\t\t\t\t\t\t\t\t\t\t\t\t<span>\n\t\t\t\t\t\t\t\tResmi tatillerde teslimat yap\u0131yor musunuz?\t\t\t\t\t\t\t<\/span>\n\t\t\t\t\t\t<\/div>\n\t\t\t\t\t\t<span class=\"wd-accordion-opener\"><\/span>\n\t\t\t\t\t<\/div>\n\n\t\t\t\t\t<div class=\"wd-accordion-content wd-entry-content\" data-accordion-index=\"1\">\n\t\t\t\t\t\t\t\t\t\t\t\t\t\n\t\t\t\t\t\t\t<p>E\u011fer b\u00f6yle d\u00fc\u015f\u00fcn\u00fcyorsan\u0131z tam tersine ne dersiniz? Tasar\u0131m olmadan i\u00e7eri\u011fi nas\u0131l de\u011ferlendirebilirsiniz? Tipografi yok, renkler yok, d\u00fczen yok, stiller yok, salt metinsel olan\u0131n \u00f6tesine ge\u00e7en \u00f6nemli sinyalleri ileten t\u00fcm o \u015feyler, bilgi hiyerar\u015fileri, a\u011f\u0131rl\u0131k, vurgu, e\u011fik vurgular, \u00f6ncelikler, okuyucu i\u00e7in g\u00f6rsel ve duygusal \u00e7ekicili\u011fi olan t\u00fcm o ince ipu\u00e7lar\u0131 yok. \u0130\u00e7erik stratejisinin kat\u0131 savunucular\u0131 sahte metin kullan\u0131m\u0131ndan ka\u00e7\u0131nabilir, ancak bu durumda tasar\u0131mc\u0131lar onlardan istedikleri tasar\u0131m y\u00f6n\u00fcyle uyumlu metin desteleriyle birlikte stil sayfalar\u0131 sa\u011flamalar\u0131n\u0131 isteyebilir.   <\/p>\n\t\t\t\t\t\t\t\t\t\t\t\t\t\t\t\t\t\t<\/div>\n\t\t\t\t<\/div>\n\t\t\t\t\t\t\t\n\t\t\t\t<div class=\"wd-accordion-item\">\n\t\t\t\t\t<div class=\"wd-accordion-title wd-role-btn\" data-accordion-index=\"2\" tabindex=\"0\">\n\t\t\t\t\t\t<div class=\"wd-accordion-title-text\">\n\t\t\t\t\t\t\t\t\t\t\t\t\t\t<span>\n\t\t\t\t\t\t\t\tPosta koduma teslimat yap\u0131yor musunuz?\t\t\t\t\t\t\t<\/span>\n\t\t\t\t\t\t<\/div>\n\t\t\t\t\t\t<span class=\"wd-accordion-opener\"><\/span>\n\t\t\t\t\t<\/div>\n\n\t\t\t\t\t<div class=\"wd-accordion-content wd-entry-content\" data-accordion-index=\"2\">\n\t\t\t\t\t\t\t\t\t\t\t\t\t\n\t\t\t\t\t\t\t<p>Bir sebepten dolay\u0131 mutsuz olan bir m\u00fc\u015fteri bir sorundur, ancak tam olarak ne oldu\u011funu anlayamad\u0131\u011f\u0131 halde mutsuz olan bir m\u00fc\u015fteri daha da k\u00f6t\u00fcd\u00fcr. Muhtemelen i\u015fbirli\u011fi, ileti\u015fim ve kontrol noktalar\u0131 yoktu, \u00fczerinde anla\u015fmaya var\u0131lm\u0131\u015f veya gerekli ayr\u0131nt\u0131larla belirlenmi\u015f bir s\u00fcre\u00e7 yoktu. <\/p><p>Bu i\u00e7erik stratejisi en ba\u015f\u0131ndan beri ters gitti. Lorem Ipsum kullan\u0131m\u0131ndan vazge\u00e7mek yard\u0131mc\u0131 olmazd\u0131, \u015fimdi de olmayacak. Bu, k\u00f6t\u00fc bir tasar\u0131mc\u0131 oldu\u011funuzu, daha az kal\u0131n metin kulland\u0131\u011f\u0131n\u0131z\u0131, her paragrafta italik kullanmad\u0131\u011f\u0131n\u0131z\u0131 s\u00f6ylemek gibi bir \u015fey. Yeterince do\u011fru, ancak i\u015fleri yoluna koymak i\u00e7in gereken tek \u015fey bu de\u011fil.   <\/p>\n\t\t\t\t\t\t\t\t\t\t\t\t\t\t\t\t\t\t<\/div>\n\t\t\t\t<\/div>\n\t\t\t\t\t\t\t\n\t\t\t\t<div class=\"wd-accordion-item\">\n\t\t\t\t\t<div class=\"wd-accordion-title wd-role-btn\" data-accordion-index=\"3\" tabindex=\"0\">\n\t\t\t\t\t\t<div class=\"wd-accordion-title-text\">\n\t\t\t\t\t\t\t\t\t\t\t\t\t\t<span>\n\t\t\t\t\t\t\t\tT\u00fcm sipari\u015flerde ertesi g\u00fcn teslimat mevcut mu?\t\t\t\t\t\t\t<\/span>\n\t\t\t\t\t\t<\/div>\n\t\t\t\t\t\t<span class=\"wd-accordion-opener\"><\/span>\n\t\t\t\t\t<\/div>\n\n\t\t\t\t\t<div class=\"wd-accordion-content wd-entry-content\" data-accordion-index=\"3\">\n\t\t\t\t\t\t\t\t\t\t\t\t\t\n\t\t\t\t\t\t\t<p>E\u011fer b\u00f6yle d\u00fc\u015f\u00fcn\u00fcyorsan\u0131z tam tersine ne dersiniz? Tasar\u0131m olmadan i\u00e7eri\u011fi nas\u0131l de\u011ferlendirebilirsiniz? Tipografi yok, renkler yok, d\u00fczen yok, stiller yok, salt metinsel olan\u0131n \u00f6tesine ge\u00e7en \u00f6nemli sinyalleri ileten t\u00fcm o \u015feyler, bilgi hiyerar\u015fileri, a\u011f\u0131rl\u0131k, vurgu, e\u011fik vurgular, \u00f6ncelikler, okuyucu i\u00e7in g\u00f6rsel ve duygusal \u00e7ekicili\u011fi olan t\u00fcm o ince ipu\u00e7lar\u0131 yok. \u0130\u00e7erik stratejisinin kat\u0131 savunucular\u0131 sahte metin kullan\u0131m\u0131ndan ka\u00e7\u0131nabilir, ancak bu durumda tasar\u0131mc\u0131lar onlardan istedikleri tasar\u0131m y\u00f6n\u00fcyle uyumlu metin desteleriyle birlikte stil sayfalar\u0131 sa\u011flamalar\u0131n\u0131 isteyebilir.   <\/p>\n\t\t\t\t\t\t\t\t\t\t\t\t\t\t\t\t\t\t<\/div>\n\t\t\t\t<\/div>\n\t\t\t\t\t\t\t\n\t\t\t\t<div class=\"wd-accordion-item\">\n\t\t\t\t\t<div class=\"wd-accordion-title wd-role-btn\" data-accordion-index=\"4\" tabindex=\"0\">\n\t\t\t\t\t\t<div class=\"wd-accordion-title-text\">\n\t\t\t\t\t\t\t\t\t\t\t\t\t\t<span>\n\t\t\t\t\t\t\t\tTeslimat\u0131 imzalamak i\u00e7in orada olmam gerekiyor mu?\t\t\t\t\t\t\t<\/span>\n\t\t\t\t\t\t<\/div>\n\t\t\t\t\t\t<span class=\"wd-accordion-opener\"><\/span>\n\t\t\t\t\t<\/div>\n\n\t\t\t\t\t<div class=\"wd-accordion-content wd-entry-content\" data-accordion-index=\"4\">\n\t\t\t\t\t\t\t\t\t\t\t\t\t\n\t\t\t\t\t\t\t<p>Bir sebepten dolay\u0131 mutsuz olan bir m\u00fc\u015fteri bir sorundur, tam olarak ne oldu\u011funu anlayamad\u0131\u011f\u0131 halde mutsuz olan bir m\u00fc\u015fteri ise daha da k\u00f6t\u00fcd\u00fcr. Muhtemelen i\u015fbirli\u011fi, ileti\u015fim ve kontrol noktalar\u0131 yoktu, \u00fczerinde anla\u015fmaya var\u0131lm\u0131\u015f veya gerekli ayr\u0131nt\u0131larla belirlenmi\u015f bir s\u00fcre\u00e7 yoktu.<\/p><p>Bu, en ba\u015f\u0131ndan beri yanl\u0131\u015f giden bir i\u00e7erik stratejisi. Lorem Ipsum'u kullanmaktan vazge\u00e7mek yard\u0131mc\u0131 olmazd\u0131, \u015fimdi de olmayacak. Bu, k\u00f6t\u00fc bir tasar\u0131mc\u0131 oldu\u011funuzu s\u00f6ylemek gibi bir \u015fey, daha az kal\u0131n metin kullan\u0131n, her paragrafta italik kullanmay\u0131n. Yeterince do\u011fru, ancak i\u015fleri ray\u0131na oturtmak i\u00e7in gereken tek \u015fey bu de\u011fil.<\/p>\n\t\t\t\t\t\t\t\t\t\t\t\t\t\t\t\t\t\t<\/div>\n\t\t\t\t<\/div>\n\t\t\t\t\t<\/div>\n\t\t\t\t\t\t<\/div>\n\t\t\t\t<\/div>\n\t\t\t\t<\/div>\n\t\t\t\t\t<\/div>\n\t\t\t\t<\/div>\n\t\t\t\t<\/div>\n\t\t","protected":false},"excerpt":{"rendered":"<p>Teslimat Se\u00e7eneklerine Genel Bak\u0131\u015f MadeInChina.CN.com iki uygun teslimat se\u00e7ene\u011fi sunmaktad\u0131r: Dijital Teslimat: Sipari\u015finizi an\u0131nda e-posta yoluyla PDF dosyas\u0131 olarak al\u0131n.<\/p>\n","protected":false},"author":1,"featured_media":0,"parent":0,"menu_order":0,"comment_status":"closed","ping_status":"closed","template":"","meta":{"_acf_changed":false,"footnotes":""},"class_list":["post-28669","page","type-page","status-publish","hentry"],"acf":[],"_links":{"self":[{"href":"https:\/\/madeinchina.cn.com\/tr\/wp-json\/wp\/v2\/pages\/28669","targetHints":{"allow":["GET"]}}],"collection":[{"href":"https:\/\/madeinchina.cn.com\/tr\/wp-json\/wp\/v2\/pages"}],"about":[{"href":"https:\/\/madeinchina.cn.com\/tr\/wp-json\/wp\/v2\/types\/page"}],"author":[{"embeddable":true,"href":"https:\/\/madeinchina.cn.com\/tr\/wp-json\/wp\/v2\/users\/1"}],"replies":[{"embeddable":true,"href":"https:\/\/madeinchina.cn.com\/tr\/wp-json\/wp\/v2\/comments?post=28669"}],"version-history":[{"count":1,"href":"https:\/\/madeinchina.cn.com\/tr\/wp-json\/wp\/v2\/pages\/28669\/revisions"}],"predecessor-version":[{"id":28670,"href":"https:\/\/madeinchina.cn.com\/tr\/wp-json\/wp\/v2\/pages\/28669\/revisions\/28670"}],"wp:attachment":[{"href":"https:\/\/madeinchina.cn.com\/tr\/wp-json\/wp\/v2\/media?parent=28669"}],"curies":[{"name":"wp","href":"https:\/\/api.w.org\/{rel}","templated":true}]}}